{"id":174,"date":"2018-08-28T23:58:43","date_gmt":"2018-08-28T23:58:43","guid":{"rendered":"https:\/\/thioneniang.com\/?page_id=174"},"modified":"2023-07-27T18:30:54","modified_gmt":"2023-07-27T18:30:54","slug":"videos","status":"publish","type":"page","link":"https:\/\/thioneniang.com\/fr\/videos\/","title":{"rendered":"Vid\u00e9os"},"content":{"rendered":"<div class=\"epyt-gallery\" data-currpage=\"1\" id=\"epyt_gallery_13468\"><figure class=\"wp-block-embed wp-block-embed-youtube is-type-video is-provider-youtube epyt-figure\"><div class=\"wp-block-embed__wrapper\"><div class=\"epyt-video-wrapper\"><iframe loading=\"lazy\"  id=\"_ytid_20547\"  width=\"1220\" height=\"686\"  data-origwidth=\"1220\" data-origheight=\"686\" src=\"https:\/\/www.youtube.com\/embed\/bMXGlmQGY38?enablejsapi=1&autoplay=0&cc_load_policy=0&cc_lang_pref=&iv_load_policy=1&loop=0&rel=1&fs=1&playsinline=0&autohide=2&theme=dark&color=red&controls=1&disablekb=0&\" class=\"__youtube_prefs__  no-lazyload\" title=\"Lecteur YouTube\"  data-epytgalleryid=\"epyt_gallery_13468\"  allow=\"fullscreen; accelerometer; autoplay; clipboard-write; encrypted-media; gyroscope; picture-in-picture; web-share\" referrerpolicy=\"strict-origin-when-cross-origin\" allowfullscreen data-no-lazy=\"1\" data-skipgform_ajax_framebjll=\"\"><\/iframe><\/div><\/div><\/figure><div class=\"epyt-gallery-subscribe\"><a target=\"_blank\" class=\"epyt-gallery-subbutton\" href=\"https:\/\/www.youtube.com\/user\/Thioneniang?sub_confirmation=1\"><img decoding=\"async\" alt=\"s&#039;abonner\" src=\"https:\/\/thioneniang.com\/wp-content\/plugins\/youtube-embed-plus\/images\/play-subscribe.png\" \/>Abonnez-vous \u00e0 ma cha\u00eene<\/a><\/div><div class=\"epyt-gallery-list\"><div class=\"epyt-pagination\"><div tabindex=\"0\" role=\"button\" class=\"epyt-pagebutton epyt-prev  hide\" data-playlistid=\"UUfdnYpldwPuKMRoHw1zCW3Q\" data-pagesize=\"15\" data-pagetoken=\"\" data-epcolumns=\"3\" data-showtitle=\"1\" data-showpaging=\"1\" data-autonext=\"0\" data-thumbplay=\"1\"><div class=\"epyt-arrow\">\u00ab<\/div> <div>Pr\u00e9c\u00e9dent<\/div><\/div><div class=\"epyt-pagenumbers\"><div class=\"epyt-current\">1<\/div><div class=\"epyt-pageseparator\"> \/ <\/div><div class=\"epyt-totalpages\">39<\/div><\/div><div tabindex=\"0\" role=\"button\" class=\"epyt-pagebutton epyt-next\" data-playlistid=\"UUfdnYpldwPuKMRoHw1zCW3Q\" data-pagesize=\"15\" data-pagetoken=\"EAAaHlBUOkNBOGlFRE5GTlVJNE9FWXpOak5CUVRnMVJVRQ\" data-epcolumns=\"3\" data-showtitle=\"1\" data-showpaging=\"1\" data-autonext=\"0\" data-thumbplay=\"1\"><div>Suivant<\/div> <div class=\"epyt-arrow\">\u00bb<\/div><\/div><div class=\"epyt-loader\"><img loading=\"lazy\" decoding=\"async\" alt=\"chargement\" width=\"16\" height=\"11\" src=\"https:\/\/thioneniang.com\/wp-content\/plugins\/youtube-embed-plus\/images\/gallery-page-loader.gif\"><\/div><\/div><div class=\"epyt-gallery-allthumbs  epyt-cols-3\"><div tabindex=\"0\" role=\"button\" data-videoid=\"bMXGlmQGY38\" class=\"epyt-gallery-thumb\"><div class=\"epyt-gallery-img-box\"><div class=\"epyt-gallery-img\" style=\"background-image: url(https:\/\/i.ytimg.com\/vi\/bMXGlmQGY38\/hqdefault.jpg)\"><div class=\"epyt-gallery-playhover\"><img loading=\"lazy\" decoding=\"async\" alt=\"jouer\" class=\"epyt-play-img\" width=\"30\" height=\"23\" src=\"https:\/\/thioneniang.com\/wp-content\/plugins\/youtube-embed-plus\/images\/playhover.png\" data-no-lazy=\"1\" data-skipgform_ajax_framebjll=\"\" \/><div class=\"epyt-gallery-playcrutch\"><\/div><\/div><\/div><\/div><div class=\"epyt-gallery-title\">29 mars 2026<\/div><\/div><div tabindex=\"0\" role=\"button\" data-videoid=\"QS3yfMblpYs\" class=\"epyt-gallery-thumb\"><div class=\"epyt-gallery-img-box\"><div class=\"epyt-gallery-img\" style=\"background-image: url(https:\/\/i.ytimg.com\/vi\/QS3yfMblpYs\/hqdefault.jpg)\"><div class=\"epyt-gallery-playhover\"><img loading=\"lazy\" decoding=\"async\" alt=\"jouer\" class=\"epyt-play-img\" width=\"30\" height=\"23\" src=\"https:\/\/thioneniang.com\/wp-content\/plugins\/youtube-embed-plus\/images\/playhover.png\" data-no-lazy=\"1\" data-skipgform_ajax_framebjll=\"\" \/><div class=\"epyt-gallery-playcrutch\"><\/div><\/div><\/div><\/div><div class=\"epyt-gallery-title\">5 opportunit\u00e9s d&#039;investissement explosives en Afrique<\/div><\/div><div tabindex=\"0\" role=\"button\" data-videoid=\"wGe8-Sb59Po\" class=\"epyt-gallery-thumb\"><div class=\"epyt-gallery-img-box\"><div class=\"epyt-gallery-img\" style=\"background-image: url(https:\/\/i.ytimg.com\/vi\/wGe8-Sb59Po\/hqdefault.jpg)\"><div class=\"epyt-gallery-playhover\"><img loading=\"lazy\" decoding=\"async\" alt=\"jouer\" class=\"epyt-play-img\" width=\"30\" height=\"23\" src=\"https:\/\/thioneniang.com\/wp-content\/plugins\/youtube-embed-plus\/images\/playhover.png\" data-no-lazy=\"1\" data-skipgform_ajax_framebjll=\"\" \/><div class=\"epyt-gallery-playcrutch\"><\/div><\/div><\/div><\/div><div class=\"epyt-gallery-title\">\u00c9duquer une fille, c&#039;est \u00e9manciper une nation | Centre de formation pour femmes Give1Project<\/div><\/div><div class=\"epyt-gallery-rowbreak\"><\/div><div tabindex=\"0\" role=\"button\" data-videoid=\"9RXiv6TrUP8\" class=\"epyt-gallery-thumb\"><div class=\"epyt-gallery-img-box\"><div class=\"epyt-gallery-img\" style=\"background-image: url(https:\/\/i.ytimg.com\/vi\/9RXiv6TrUP8\/hqdefault.jpg)\"><div class=\"epyt-gallery-playhover\"><img loading=\"lazy\" decoding=\"async\" alt=\"jouer\" class=\"epyt-play-img\" width=\"30\" height=\"23\" src=\"https:\/\/thioneniang.com\/wp-content\/plugins\/youtube-embed-plus\/images\/playhover.png\" data-no-lazy=\"1\" data-skipgform_ajax_framebjll=\"\" \/><div class=\"epyt-gallery-playcrutch\"><\/div><\/div><\/div><\/div><div class=\"epyt-gallery-title\">Voyager \u00e0 travers l&#039;Afrique : la r\u00e9alit\u00e9 derri\u00e8re le voyage.<\/div><\/div><div tabindex=\"0\" role=\"button\" data-videoid=\"pxyNzzY8P3w\" class=\"epyt-gallery-thumb\"><div class=\"epyt-gallery-img-box\"><div class=\"epyt-gallery-img\" style=\"background-image: url(https:\/\/i.ytimg.com\/vi\/pxyNzzY8P3w\/hqdefault.jpg)\"><div class=\"epyt-gallery-playhover\"><img loading=\"lazy\" decoding=\"async\" alt=\"jouer\" class=\"epyt-play-img\" width=\"30\" height=\"23\" src=\"https:\/\/thioneniang.com\/wp-content\/plugins\/youtube-embed-plus\/images\/playhover.png\" data-no-lazy=\"1\" data-skipgform_ajax_framebjll=\"\" \/><div class=\"epyt-gallery-playcrutch\"><\/div><\/div><\/div><\/div><div class=\"epyt-gallery-title\">Attaya-une conversation Inspirante avec Alain Foka<\/div><\/div><div tabindex=\"0\" role=\"button\" data-videoid=\"UkvLykaDyg4\" class=\"epyt-gallery-thumb\"><div class=\"epyt-gallery-img-box\"><div class=\"epyt-gallery-img\" style=\"background-image: url(https:\/\/i.ytimg.com\/vi\/UkvLykaDyg4\/hqdefault.jpg)\"><div class=\"epyt-gallery-playhover\"><img loading=\"lazy\" decoding=\"async\" alt=\"jouer\" class=\"epyt-play-img\" width=\"30\" height=\"23\" src=\"https:\/\/thioneniang.com\/wp-content\/plugins\/youtube-embed-plus\/images\/playhover.png\" data-no-lazy=\"1\" data-skipgform_ajax_framebjll=\"\" \/><div class=\"epyt-gallery-playcrutch\"><\/div><\/div><\/div><\/div><div class=\"epyt-gallery-title\">Sona Jobateh explique pourquoi elle fait ce travail\u2026<\/div><\/div><div class=\"epyt-gallery-rowbreak\"><\/div><div tabindex=\"0\" role=\"button\" data-videoid=\"e6xBXqcsmGA\" class=\"epyt-gallery-thumb\"><div class=\"epyt-gallery-img-box\"><div class=\"epyt-gallery-img\" style=\"background-image: url(https:\/\/i.ytimg.com\/vi\/e6xBXqcsmGA\/hqdefault.jpg)\"><div class=\"epyt-gallery-playhover\"><img loading=\"lazy\" decoding=\"async\" alt=\"jouer\" class=\"epyt-play-img\" width=\"30\" height=\"23\" src=\"https:\/\/thioneniang.com\/wp-content\/plugins\/youtube-embed-plus\/images\/playhover.png\" data-no-lazy=\"1\" data-skipgform_ajax_framebjll=\"\" \/><div class=\"epyt-gallery-playcrutch\"><\/div><\/div><\/div><\/div><div class=\"epyt-gallery-title\">#Guin\u00e9e et sa transformation<\/div><\/div><div tabindex=\"0\" role=\"button\" data-videoid=\"3Cdgtuf7zfM\" class=\"epyt-gallery-thumb\"><div class=\"epyt-gallery-img-box\"><div class=\"epyt-gallery-img\" style=\"background-image: url(https:\/\/i.ytimg.com\/vi\/3Cdgtuf7zfM\/hqdefault.jpg)\"><div class=\"epyt-gallery-playhover\"><img loading=\"lazy\" decoding=\"async\" alt=\"jouer\" class=\"epyt-play-img\" width=\"30\" height=\"23\" src=\"https:\/\/thioneniang.com\/wp-content\/plugins\/youtube-embed-plus\/images\/playhover.png\" data-no-lazy=\"1\" data-skipgform_ajax_framebjll=\"\" \/><div class=\"epyt-gallery-playcrutch\"><\/div><\/div><\/div><\/div><div class=\"epyt-gallery-title\">La mission de Sona Jobateh pour l&#039;Afrique -<\/div><\/div><div tabindex=\"0\" role=\"button\" data-videoid=\"migiH-MWhls\" class=\"epyt-gallery-thumb\"><div class=\"epyt-gallery-img-box\"><div class=\"epyt-gallery-img\" style=\"background-image: url(https:\/\/i.ytimg.com\/vi\/migiH-MWhls\/hqdefault.jpg)\"><div class=\"epyt-gallery-playhover\"><img loading=\"lazy\" decoding=\"async\" alt=\"jouer\" class=\"epyt-play-img\" width=\"30\" height=\"23\" src=\"https:\/\/thioneniang.com\/wp-content\/plugins\/youtube-embed-plus\/images\/playhover.png\" data-no-lazy=\"1\" data-skipgform_ajax_framebjll=\"\" \/><div class=\"epyt-gallery-playcrutch\"><\/div><\/div><\/div><\/div><div class=\"epyt-gallery-title\">Sona Jobateh \u00e0 l&#039;Acad\u00e9mie de Gambie\u00a0: Tradition, finalit\u00e9 et pouvoir de l&#039;\u00e9ducation<\/div><\/div><div class=\"epyt-gallery-rowbreak\"><\/div><div tabindex=\"0\" role=\"button\" data-videoid=\"SMOddI97Yuc\" class=\"epyt-gallery-thumb\"><div class=\"epyt-gallery-img-box\"><div class=\"epyt-gallery-img\" style=\"background-image: url(https:\/\/i.ytimg.com\/vi\/SMOddI97Yuc\/hqdefault.jpg)\"><div class=\"epyt-gallery-playhover\"><img loading=\"lazy\" decoding=\"async\" alt=\"jouer\" class=\"epyt-play-img\" width=\"30\" height=\"23\" src=\"https:\/\/thioneniang.com\/wp-content\/plugins\/youtube-embed-plus\/images\/playhover.png\" data-no-lazy=\"1\" data-skipgform_ajax_framebjll=\"\" \/><div class=\"epyt-gallery-playcrutch\"><\/div><\/div><\/div><\/div><div class=\"epyt-gallery-title\">Interview de Thione Niang sur le soft power et le marketing territorial en Afrique<\/div><\/div><div tabindex=\"0\" role=\"button\" data-videoid=\"gt5yhkY3CtA\" class=\"epyt-gallery-thumb\"><div class=\"epyt-gallery-img-box\"><div class=\"epyt-gallery-img\" style=\"background-image: url(https:\/\/i.ytimg.com\/vi\/gt5yhkY3CtA\/hqdefault.jpg)\"><div class=\"epyt-gallery-playhover\"><img loading=\"lazy\" decoding=\"async\" alt=\"jouer\" class=\"epyt-play-img\" width=\"30\" height=\"23\" src=\"https:\/\/thioneniang.com\/wp-content\/plugins\/youtube-embed-plus\/images\/playhover.png\" data-no-lazy=\"1\" data-skipgform_ajax_framebjll=\"\" \/><div class=\"epyt-gallery-playcrutch\"><\/div><\/div><\/div><\/div><div class=\"epyt-gallery-title\">#Conakry- L&#039;Arriv\u00e9e du Pr\u00e9sident Diomaye Faye \u00e0 investiture du Pr\u00e9sident Mamady Doumbia<\/div><\/div><div tabindex=\"0\" role=\"button\" data-videoid=\"atpVHFfPWGA\" class=\"epyt-gallery-thumb\"><div class=\"epyt-gallery-img-box\"><div class=\"epyt-gallery-img\" style=\"background-image: url(https:\/\/i.ytimg.com\/vi\/atpVHFfPWGA\/hqdefault.jpg)\"><div class=\"epyt-gallery-playhover\"><img loading=\"lazy\" decoding=\"async\" alt=\"jouer\" class=\"epyt-play-img\" width=\"30\" height=\"23\" src=\"https:\/\/thioneniang.com\/wp-content\/plugins\/youtube-embed-plus\/images\/playhover.png\" data-no-lazy=\"1\" data-skipgform_ajax_framebjll=\"\" \/><div class=\"epyt-gallery-playcrutch\"><\/div><\/div><\/div><\/div><div class=\"epyt-gallery-title\">Journ\u00e9e de la diaspora avec le Pr\u00e9sident Diomaye et le Premier Ministre Sonko #Sunugal<\/div><\/div><div class=\"epyt-gallery-rowbreak\"><\/div><div tabindex=\"0\" role=\"button\" data-videoid=\"I-_yE9MM88M\" class=\"epyt-gallery-thumb\"><div class=\"epyt-gallery-img-box\"><div class=\"epyt-gallery-img\" style=\"background-image: url(https:\/\/i.ytimg.com\/vi\/I-_yE9MM88M\/hqdefault.jpg)\"><div class=\"epyt-gallery-playhover\"><img loading=\"lazy\" decoding=\"async\" alt=\"jouer\" class=\"epyt-play-img\" width=\"30\" height=\"23\" src=\"https:\/\/thioneniang.com\/wp-content\/plugins\/youtube-embed-plus\/images\/playhover.png\" data-no-lazy=\"1\" data-skipgform_ajax_framebjll=\"\" \/><div class=\"epyt-gallery-playcrutch\"><\/div><\/div><\/div><\/div><div class=\"epyt-gallery-title\">Quelle conversation inspirante avec @tianamayembe #Attaya<\/div><\/div><div tabindex=\"0\" role=\"button\" data-videoid=\"iSUrQJ1xNYE\" class=\"epyt-gallery-thumb\"><div class=\"epyt-gallery-img-box\"><div class=\"epyt-gallery-img\" style=\"background-image: url(https:\/\/i.ytimg.com\/vi\/iSUrQJ1xNYE\/hqdefault.jpg)\"><div class=\"epyt-gallery-playhover\"><img loading=\"lazy\" decoding=\"async\" alt=\"jouer\" class=\"epyt-play-img\" width=\"30\" height=\"23\" src=\"https:\/\/thioneniang.com\/wp-content\/plugins\/youtube-embed-plus\/images\/playhover.png\" data-no-lazy=\"1\" data-skipgform_ajax_framebjll=\"\" \/><div class=\"epyt-gallery-playcrutch\"><\/div><\/div><\/div><\/div><div class=\"epyt-gallery-title\">Deux entrepreneurs visionnaires de notre diaspora Moussa Camara et Gallo Diallo<\/div><\/div><div tabindex=\"0\" role=\"button\" data-videoid=\"OM_5asdA7zs\" class=\"epyt-gallery-thumb\"><div class=\"epyt-gallery-img-box\"><div class=\"epyt-gallery-img\" style=\"background-image: url(https:\/\/i.ytimg.com\/vi\/OM_5asdA7zs\/hqdefault.jpg)\"><div class=\"epyt-gallery-playhover\"><img loading=\"lazy\" decoding=\"async\" alt=\"jouer\" class=\"epyt-play-img\" width=\"30\" height=\"23\" src=\"https:\/\/thioneniang.com\/wp-content\/plugins\/youtube-embed-plus\/images\/playhover.png\" data-no-lazy=\"1\" data-skipgform_ajax_framebjll=\"\" \/><div class=\"epyt-gallery-playcrutch\"><\/div><\/div><\/div><\/div><div class=\"epyt-gallery-title\">Entre Le Pr\u00e9sident Bassirou Diomaye Faye et Le Premier Ministre Ousmane Sonko\u2026.#Senegal<\/div><\/div><div class=\"epyt-gallery-rowbreak\"><\/div><div class=\"epyt-gallery-clear\"><\/div><\/div><div class=\"epyt-pagination\"><div tabindex=\"0\" role=\"button\" class=\"epyt-pagebutton epyt-prev  hide\" data-playlistid=\"UUfdnYpldwPuKMRoHw1zCW3Q\" data-pagesize=\"15\" data-pagetoken=\"\" data-epcolumns=\"3\" data-showtitle=\"1\" data-showpaging=\"1\" data-autonext=\"0\" data-thumbplay=\"1\"><div class=\"epyt-arrow\">\u00ab<\/div> <div>Pr\u00e9c\u00e9dent<\/div><\/div><div class=\"epyt-pagenumbers\"><div class=\"epyt-current\">1<\/div><div class=\"epyt-pageseparator\"> \/ <\/div><div class=\"epyt-totalpages\">39<\/div><\/div><div tabindex=\"0\" role=\"button\" class=\"epyt-pagebutton epyt-next\" data-playlistid=\"UUfdnYpldwPuKMRoHw1zCW3Q\" data-pagesize=\"15\" data-pagetoken=\"EAAaHlBUOkNBOGlFRE5GTlVJNE9FWXpOak5CUVRnMVJVRQ\" data-epcolumns=\"3\" data-showtitle=\"1\" data-showpaging=\"1\" data-autonext=\"0\" data-thumbplay=\"1\"><div>Suivant<\/div> <div class=\"epyt-arrow\">\u00bb<\/div><\/div><div class=\"epyt-loader\"><img loading=\"lazy\" decoding=\"async\" alt=\"chargement\" width=\"16\" height=\"11\" src=\"https:\/\/thioneniang.com\/wp-content\/plugins\/youtube-embed-plus\/images\/gallery-page-loader.gif\"><\/div><\/div><\/div><\/div>","protected":false},"excerpt":{"rendered":"","protected":false},"author":1,"featured_media":0,"parent":0,"menu_order":0,"comment_status":"closed","ping_status":"closed","template":"","meta":{"footnotes":""},"class_list":["post-174","page","type-page","status-publish","hentry"],"_links":{"self":[{"href":"https:\/\/thioneniang.com\/fr\/wp-json\/wp\/v2\/pages\/174","targetHints":{"allow":["GET"]}}],"collection":[{"href":"https:\/\/thioneniang.com\/fr\/wp-json\/wp\/v2\/pages"}],"about":[{"href":"https:\/\/thioneniang.com\/fr\/wp-json\/wp\/v2\/types\/page"}],"author":[{"embeddable":true,"href":"https:\/\/thioneniang.com\/fr\/wp-json\/wp\/v2\/users\/1"}],"replies":[{"embeddable":true,"href":"https:\/\/thioneniang.com\/fr\/wp-json\/wp\/v2\/comments?post=174"}],"version-history":[{"count":0,"href":"https:\/\/thioneniang.com\/fr\/wp-json\/wp\/v2\/pages\/174\/revisions"}],"wp:attachment":[{"href":"https:\/\/thioneniang.com\/fr\/wp-json\/wp\/v2\/media?parent=174"}],"curies":[{"name":"wp","href":"https:\/\/api.w.org\/{rel}","templated":true}]}}