{"id":4533,"date":"2025-06-17T10:55:51","date_gmt":"2025-06-17T15:55:51","guid":{"rendered":"https:\/\/thioneniang.com\/?page_id=4533"},"modified":"2025-06-23T16:48:58","modified_gmt":"2025-06-23T16:48:58","slug":"maitriser-linkedin-construire-votre-marque-developper-votre-reseau-monetiser-votre-voix","status":"publish","type":"page","link":"https:\/\/thioneniang.com\/fr\/maitriser-linkedin-construire-votre-marque-developper-votre-reseau-monetiser-votre-voix\/","title":{"rendered":"Ma\u00eetriser LinkedIn\u00a0: construisez votre marque, d\u00e9veloppez votre r\u00e9seau, mon\u00e9tisez votre voix"},"content":{"rendered":"","protected":false},"excerpt":{"rendered":"","protected":false},"author":1,"featured_media":-1,"parent":0,"menu_order":1,"comment_status":"closed","ping_status":"closed","template":"","meta":{"footnotes":""},"class_list":["post-4533","page","type-page","status-publish","has-post-thumbnail","hentry"],"_links":{"self":[{"href":"https:\/\/thioneniang.com\/fr\/wp-json\/wp\/v2\/pages\/4533","targetHints":{"allow":["GET"]}}],"collection":[{"href":"https:\/\/thioneniang.com\/fr\/wp-json\/wp\/v2\/pages"}],"about":[{"href":"https:\/\/thioneniang.com\/fr\/wp-json\/wp\/v2\/types\/page"}],"author":[{"embeddable":true,"href":"https:\/\/thioneniang.com\/fr\/wp-json\/wp\/v2\/users\/1"}],"replies":[{"embeddable":true,"href":"https:\/\/thioneniang.com\/fr\/wp-json\/wp\/v2\/comments?post=4533"}],"version-history":[{"count":1,"href":"https:\/\/thioneniang.com\/fr\/wp-json\/wp\/v2\/pages\/4533\/revisions"}],"predecessor-version":[{"id":4534,"href":"https:\/\/thioneniang.com\/fr\/wp-json\/wp\/v2\/pages\/4533\/revisions\/4534"}],"wp:featuredmedia":[{"embeddable":true,"href":"https:\/\/thioneniang.com\/fr\/wp-json\/"}],"wp:attachment":[{"href":"https:\/\/thioneniang.com\/fr\/wp-json\/wp\/v2\/media?parent=4533"}],"curies":[{"name":"wp","href":"https:\/\/api.w.org\/{rel}","templated":true}]}}